{"id":32,"date":"2021-02-26T17:14:49","date_gmt":"2021-02-26T17:14:49","guid":{"rendered":"https:\/\/lebreilfuret.fr\/?page_id=32"},"modified":"2023-02-08T10:18:21","modified_gmt":"2023-02-08T09:18:21","slug":"accomodation","status":"publish","type":"page","link":"https:\/\/lebreilfuret.fr\/fr\/accomodation\/","title":{"rendered":"Le Logement"},"content":{"rendered":"<div data-elementor-type=\"wp-page\" data-elementor-id=\"32\" class=\"elementor elementor-32\">\n\t\t\t\t\t\t<section class=\"elementor-section elementor-top-section elementor-element elementor-element-aef4489 elementor-section-boxed elementor-section-height-default elementor-section-height-default\" data-id=\"aef4489\" data-element_type=\"section\" data-e-type=\"section\">\n\t\t\t\t\t\t<div class=\"elementor-container elementor-column-gap-default\">\n\t\t\t\t\t<div class=\"elementor-column elementor-col-100 elementor-top-column elementor-element elementor-element-f24b36f\" data-id=\"f24b36f\" data-element_type=\"column\" data-e-type=\"column\">\n\t\t\t<div class=\"elementor-widget-wrap elementor-element-populated\">\n\t\t\t\t\t\t\t<\/div>\n\t\t<\/div>\n\t\t\t\t\t<\/div>\n\t\t<\/section>\n\t\t\t\t<section class=\"elementor-section elementor-top-section elementor-element elementor-element-1a036ef elementor-section-boxed elementor-section-height-default elementor-section-height-default\" data-id=\"1a036ef\" data-element_type=\"section\" data-e-type=\"section\" data-settings=\"{&quot;background_background&quot;:&quot;classic&quot;}\">\n\t\t\t\t\t\t<div class=\"elementor-container elementor-column-gap-default\">\n\t\t\t\t\t<div class=\"elementor-column elementor-col-100 elementor-top-column elementor-element elementor-element-afd8261\" data-id=\"afd8261\" data-element_type=\"column\" data-e-type=\"column\">\n\t\t\t<div class=\"elementor-widget-wrap elementor-element-populated\">\n\t\t\t\t\t\t<div class=\"elementor-element elementor-element-7516f38 elementor-widget elementor-widget-heading\" data-id=\"7516f38\" data-element_type=\"widget\" data-e-type=\"widget\" data-widget_type=\"heading.default\">\n\t\t\t\t<div class=\"elementor-widget-container\">\n\t\t\t\t\t<h4 class=\"elementor-heading-title elementor-size-default\">Holiday Home Le Breil Furet has been classified as a 3 star accommodation in February 2022.<\/h4>\t\t\t\t<\/div>\n\t\t\t\t<\/div>\n\t\t\t\t\t<\/div>\n\t\t<\/div>\n\t\t\t\t\t<\/div>\n\t\t<\/section>\n\t\t\t\t<section class=\"elementor-section elementor-top-section elementor-element elementor-element-b81dac8 elementor-section-boxed elementor-section-height-default elementor-section-height-default\" data-id=\"b81dac8\" data-element_type=\"section\" data-e-type=\"section\">\n\t\t\t\t\t\t<div class=\"elementor-container elementor-column-gap-default\">\n\t\t\t\t\t<div class=\"elementor-column elementor-col-50 elementor-top-column elementor-element elementor-element-52d6744\" data-id=\"52d6744\" data-element_type=\"column\" data-e-type=\"column\">\n\t\t\t<div class=\"elementor-widget-wrap elementor-element-populated\">\n\t\t\t\t\t\t<div class=\"elementor-element elementor-element-205bfb9 elementor-widget elementor-widget-text-editor\" data-id=\"205bfb9\" data-element_type=\"widget\" data-e-type=\"widget\" data-widget_type=\"text-editor.default\">\n\t\t\t\t<div class=\"elementor-widget-container\">\n\t\t\t\t\t\t\t\t\t<p>Your private oasis at Le Breil Furet awaits you with a traditional nordic wood fired hot tub and above ground swimming pool (5.49 x 2.74 m).\u00a0 Take a seat on the decking in this purpose-built area and you\u2019ll instantly feel relaxed. It\u2019s the perfect antidote to the hustle and bustle of modern-day living. The only trouble is you won\u2019t want to go back to it. You\u2019ll get that Nordic \u201chygge\u201d feeling.<\/p>\t\t\t\t\t\t\t\t<\/div>\n\t\t\t\t<\/div>\n\t\t\t\t\t<\/div>\n\t\t<\/div>\n\t\t\t\t<div class=\"elementor-column elementor-col-50 elementor-top-column elementor-element elementor-element-e80a749\" data-id=\"e80a749\" data-element_type=\"column\" data-e-type=\"column\">\n\t\t\t<div class=\"elementor-widget-wrap elementor-element-populated\">\n\t\t\t\t\t\t<div class=\"elementor-element elementor-element-80bdbec elementor-widget elementor-widget-image\" data-id=\"80bdbec\" data-element_type=\"widget\" data-e-type=\"widget\" data-widget_type=\"image.default\">\n\t\t\t\t<div class=\"elementor-widget-container\">\n\t\t\t\t\t\t\t\t\t\t\t\t\t\t\t<img decoding=\"async\" src=\"https:\/\/lebreilfuret.fr\/wp-content\/uploads\/elementor\/thumbs\/hot-tub-p42hw7uxpsqchdmdmcs4zedkx4p2e785jq722p5cc8.jpg\" title=\"jacuzzi nordique\" alt=\"hot tub\" loading=\"lazy\" \/>\t\t\t\t\t\t\t\t\t\t\t\t\t\t\t<\/div>\n\t\t\t\t<\/div>\n\t\t\t\t\t<\/div>\n\t\t<\/div>\n\t\t\t\t\t<\/div>\n\t\t<\/section>\n\t\t\t\t<section class=\"elementor-section elementor-top-section elementor-element elementor-element-636b482 elementor-section-boxed elementor-section-height-default elementor-section-height-default\" data-id=\"636b482\" data-element_type=\"section\" data-e-type=\"section\">\n\t\t\t\t\t\t<div class=\"elementor-container elementor-column-gap-default\">\n\t\t\t\t\t<div class=\"elementor-column elementor-col-50 elementor-top-column elementor-element elementor-element-5de15e3\" data-id=\"5de15e3\" data-element_type=\"column\" data-e-type=\"column\">\n\t\t\t<div class=\"elementor-widget-wrap elementor-element-populated\">\n\t\t\t\t\t\t<div class=\"elementor-element elementor-element-4c93926 elementor-widget elementor-widget-image\" data-id=\"4c93926\" data-element_type=\"widget\" data-e-type=\"widget\" data-widget_type=\"image.default\">\n\t\t\t\t<div class=\"elementor-widget-container\">\n\t\t\t\t\t\t\t\t\t\t\t\t\t\t\t<img decoding=\"async\" src=\"https:\/\/lebreilfuret.fr\/wp-content\/uploads\/elementor\/thumbs\/accomodation-p3fwrsbtzoza4tgm26ofr71bwks91zpayn6u4no9tk.jpg\" title=\"accomodation\" alt=\"accomodation\" loading=\"lazy\" \/>\t\t\t\t\t\t\t\t\t\t\t\t\t\t\t<\/div>\n\t\t\t\t<\/div>\n\t\t\t\t\t<\/div>\n\t\t<\/div>\n\t\t\t\t<div class=\"elementor-column elementor-col-50 elementor-top-column elementor-element elementor-element-a2b0033\" data-id=\"a2b0033\" data-element_type=\"column\" data-e-type=\"column\">\n\t\t\t<div class=\"elementor-widget-wrap elementor-element-populated\">\n\t\t\t\t\t\t<div class=\"elementor-element elementor-element-0ca705e elementor-widget elementor-widget-text-editor\" data-id=\"0ca705e\" data-element_type=\"widget\" data-e-type=\"widget\" data-widget_type=\"text-editor.default\">\n\t\t\t\t<div class=\"elementor-widget-container\">\n\t\t\t\t\t\t\t\t\t<p>Le cottage peut accueillir confortablement 4 personnes, dispose du wifi partout et d'un parking pour 2 voitures. La cuisine est enti\u00e8rement \u00e9quip\u00e9e d'un assortiment de verres, de vaisselle moderne, d'une cafeti\u00e8re, d'une bouilloire, d'un grille-pain, d'une raclette, d'un ensemble de grillades pour le barbecue et de vaisselle en m\u00e9lamine pour l'ext\u00e9rieur afin que vous vous sentiez comme chez vous. Une table de cuisine en pin de style fermier avec 4 chaises se trouve \u00e9galement dans cet espace.<\/p>\t\t\t\t\t\t\t\t<\/div>\n\t\t\t\t<\/div>\n\t\t\t\t\t<\/div>\n\t\t<\/div>\n\t\t\t\t\t<\/div>\n\t\t<\/section>\n\t\t\t\t<section class=\"elementor-section elementor-top-section elementor-element elementor-element-45fba1d elementor-section-boxed elementor-section-height-default elementor-section-height-default\" data-id=\"45fba1d\" data-element_type=\"section\" data-e-type=\"section\">\n\t\t\t\t\t\t<div class=\"elementor-container elementor-column-gap-default\">\n\t\t\t\t\t<div class=\"elementor-column elementor-col-50 elementor-top-column elementor-element elementor-element-dcd50f5\" data-id=\"dcd50f5\" data-element_type=\"column\" data-e-type=\"column\">\n\t\t\t<div class=\"elementor-widget-wrap elementor-element-populated\">\n\t\t\t\t\t\t<div class=\"elementor-element elementor-element-6200771 elementor-widget elementor-widget-text-editor\" data-id=\"6200771\" data-element_type=\"widget\" data-e-type=\"widget\" data-widget_type=\"text-editor.default\">\n\t\t\t\t<div class=\"elementor-widget-container\">\n\t\t\t\t\t\t\t\t\t<p>Dans le salon, la pi\u00e8ce centrale est un po\u00eale \u00e0 bois avec une table basse reproduisant un chariot d'entrep\u00f4t. De part et d'autre se trouvent deux beaux et \u00e9l\u00e9gants canap\u00e9s Chesterfield en cuir brun. Avec une largeur d'assise g\u00e9n\u00e9reuse de 170 cm, ce sera certainement le canap\u00e9 le plus confortable sur lequel vous vous assi\u00e9rez jamais. Pr\u00e8s de la porte d'entr\u00e9e se trouve une t\u00e9l\u00e9vision intelligente murale recevant toutes les cha\u00eenes de t\u00e9l\u00e9vision nationales, Netflix tv, des stations de musique et un lecteur DVD pour votre divertissement.<\/p>\t\t\t\t\t\t\t\t<\/div>\n\t\t\t\t<\/div>\n\t\t\t\t\t<\/div>\n\t\t<\/div>\n\t\t\t\t<div class=\"elementor-column elementor-col-50 elementor-top-column elementor-element elementor-element-33be5be\" data-id=\"33be5be\" data-element_type=\"column\" data-e-type=\"column\">\n\t\t\t<div class=\"elementor-widget-wrap elementor-element-populated\">\n\t\t\t\t\t\t<div class=\"elementor-element elementor-element-dba8fcc elementor-widget elementor-widget-image\" data-id=\"dba8fcc\" data-element_type=\"widget\" data-e-type=\"widget\" data-widget_type=\"image.default\">\n\t\t\t\t<div class=\"elementor-widget-container\">\n\t\t\t\t\t\t\t\t\t\t\t\t\t\t\t<img decoding=\"async\" src=\"https:\/\/lebreilfuret.fr\/wp-content\/uploads\/elementor\/thumbs\/Salon-p3jeu9cal3t1on2rkgqzcfebx98bii4h9zx5acfooo.jpg\" title=\"Salon\" alt=\"Salon\" loading=\"lazy\" \/>\t\t\t\t\t\t\t\t\t\t\t\t\t\t\t<\/div>\n\t\t\t\t<\/div>\n\t\t\t\t\t<\/div>\n\t\t<\/div>\n\t\t\t\t\t<\/div>\n\t\t<\/section>\n\t\t\t\t<section class=\"elementor-section elementor-top-section elementor-element elementor-element-6fee8e9 elementor-section-boxed elementor-section-height-default elementor-section-height-default\" data-id=\"6fee8e9\" data-element_type=\"section\" data-e-type=\"section\">\n\t\t\t\t\t\t<div class=\"elementor-container elementor-column-gap-default\">\n\t\t\t\t\t<div class=\"elementor-column elementor-col-50 elementor-top-column elementor-element elementor-element-d2985ed\" data-id=\"d2985ed\" data-element_type=\"column\" data-e-type=\"column\">\n\t\t\t<div class=\"elementor-widget-wrap elementor-element-populated\">\n\t\t\t\t\t\t<div class=\"elementor-element elementor-element-b17bcb6 elementor-widget elementor-widget-image\" data-id=\"b17bcb6\" data-element_type=\"widget\" data-e-type=\"widget\" data-widget_type=\"image.default\">\n\t\t\t\t<div class=\"elementor-widget-container\">\n\t\t\t\t\t\t\t\t\t\t\t\t\t\t\t<img decoding=\"async\" src=\"https:\/\/lebreilfuret.fr\/wp-content\/uploads\/elementor\/thumbs\/sun-room-p42givbywx6eydavs0v92uoe6vxca9bgrh7d1qbf08.jpg\" title=\"sun room\" alt=\"sun room\" loading=\"lazy\" \/>\t\t\t\t\t\t\t\t\t\t\t\t\t\t\t<\/div>\n\t\t\t\t<\/div>\n\t\t\t\t\t<\/div>\n\t\t<\/div>\n\t\t\t\t<div class=\"elementor-column elementor-col-50 elementor-top-column elementor-element elementor-element-ceb262e\" data-id=\"ceb262e\" data-element_type=\"column\" data-e-type=\"column\">\n\t\t\t<div class=\"elementor-widget-wrap elementor-element-populated\">\n\t\t\t\t\t\t<div class=\"elementor-element elementor-element-ca47a9a elementor-widget elementor-widget-text-editor\" data-id=\"ca47a9a\" data-element_type=\"widget\" data-e-type=\"widget\" data-widget_type=\"text-editor.default\">\n\t\t\t\t<div class=\"elementor-widget-container\">\n\t\t\t\t\t\t\t\t\t<p>Sortez par la porte arri\u00e8re et vous entrerez dans la \"sun room\". Il y a un petit po\u00eale \u00e0 bois, 2 fauteuils confortables donnant sur la terrasse et le jardin. Dans cette pi\u00e8ce, vous trouverez des prises USB pour recharger votre t\u00e9l\u00e9phone portable, votre ordinateur ou votre tablette. Cette pi\u00e8ce m\u00e8ne \u00e0 un espace utilitaire o\u00f9 il y a un casier \u00e0 chaussures pour les chaussures et les manteaux.  Un \u00e9vier, un lave-linge et des toilettes au rez-de-chauss\u00e9e sont \u00e9galement situ\u00e9s dans la buanderie.  De la buanderie, vous pouvez acc\u00e9der \u00e0 la terrasse de 30 m\u00b2 qui dispose d'un barbecue moderne \u00e0 gaz, d'un chauffage de patio, d'un grand parasol, de chaises longues et de si\u00e8ges ext\u00e9rieurs.<\/p>\t\t\t\t\t\t\t\t<\/div>\n\t\t\t\t<\/div>\n\t\t\t\t\t<\/div>\n\t\t<\/div>\n\t\t\t\t\t<\/div>\n\t\t<\/section>\n\t\t\t\t<section class=\"elementor-section elementor-top-section elementor-element elementor-element-a59d300 elementor-section-boxed elementor-section-height-default elementor-section-height-default\" data-id=\"a59d300\" data-element_type=\"section\" data-e-type=\"section\">\n\t\t\t\t\t\t<div class=\"elementor-container elementor-column-gap-default\">\n\t\t\t\t\t<div class=\"elementor-column elementor-col-50 elementor-top-column elementor-element elementor-element-f1acdaf\" data-id=\"f1acdaf\" data-element_type=\"column\" data-e-type=\"column\">\n\t\t\t<div class=\"elementor-widget-wrap elementor-element-populated\">\n\t\t\t\t\t\t<div class=\"elementor-element elementor-element-17dfd8e elementor-widget elementor-widget-text-editor\" data-id=\"17dfd8e\" data-element_type=\"widget\" data-e-type=\"widget\" data-widget_type=\"text-editor.default\">\n\t\t\t\t<div class=\"elementor-widget-container\">\n\t\t\t\t\t\t\t\t\t<p>A l'\u00e9tage, il y a 2 grandes chambres \u00e0 coucher qui ont toutes les deux des lits de reproduction victoriens de taille super king, des matelas \u00e9pais avec des sur-matelas de plumes de 9cm pour une nuit de sommeil incroyable ! Chaque chambre dispose \u00e9galement d'un s\u00e8che-cheveux, d'une chaise, d'une armoire encastr\u00e9e, d'une commode \u00e0 tiroir, de tables de chevet avec lampes et de miroirs muraux. Des rideaux en coton encadrent les fen\u00eatres ainsi que des stores jour\/nuit pour assombrir la pi\u00e8ce. Chaque chambre est \u00e9quip\u00e9e d'un ventilateur de plafond. Au bout du couloir se trouve une salle de bains avec douche s\u00e9par\u00e9e, baignoire, toilettes et lavabo.<\/p>\t\t\t\t\t\t\t\t<\/div>\n\t\t\t\t<\/div>\n\t\t\t\t\t<\/div>\n\t\t<\/div>\n\t\t\t\t<div class=\"elementor-column elementor-col-50 elementor-top-column elementor-element elementor-element-1e7f040\" data-id=\"1e7f040\" data-element_type=\"column\" data-e-type=\"column\">\n\t\t\t<div class=\"elementor-widget-wrap elementor-element-populated\">\n\t\t\t\t\t\t<div class=\"elementor-element elementor-element-966bc45 elementor-widget elementor-widget-image\" data-id=\"966bc45\" data-element_type=\"widget\" data-e-type=\"widget\" data-widget_type=\"image.default\">\n\t\t\t\t<div class=\"elementor-widget-container\">\n\t\t\t\t\t\t\t\t\t\t\t\t\t\t\t<img decoding=\"async\" src=\"https:\/\/lebreilfuret.fr\/wp-content\/uploads\/elementor\/thumbs\/Pompadour-chambre-p3jewpp4fj5zzzif8ixwut3nrh4tm1v8y58secsofs.jpg\" title=\"Pompadour chambre\" alt=\"Pompadour chambre\" loading=\"lazy\" \/>\t\t\t\t\t\t\t\t\t\t\t\t\t\t\t<\/div>\n\t\t\t\t<\/div>\n\t\t\t\t\t<\/div>\n\t\t<\/div>\n\t\t\t\t\t<\/div>\n\t\t<\/section>\n\t\t\t\t<section class=\"elementor-section elementor-top-section elementor-element elementor-element-acd23e2 elementor-section-boxed elementor-section-height-default elementor-section-height-default\" data-id=\"acd23e2\" data-element_type=\"section\" data-e-type=\"section\" data-settings=\"{&quot;background_background&quot;:&quot;classic&quot;}\">\n\t\t\t\t\t\t<div class=\"elementor-container elementor-column-gap-default\">\n\t\t\t\t\t<div class=\"elementor-column elementor-col-100 elementor-top-column elementor-element elementor-element-cffba9e\" data-id=\"cffba9e\" data-element_type=\"column\" data-e-type=\"column\">\n\t\t\t<div class=\"elementor-widget-wrap elementor-element-populated\">\n\t\t\t\t\t\t<div class=\"elementor-element elementor-element-e894571 elementor-widget elementor-widget-heading\" data-id=\"e894571\" data-element_type=\"widget\" data-e-type=\"widget\" data-widget_type=\"heading.default\">\n\t\t\t\t<div class=\"elementor-widget-container\">\n\t\t\t\t\t<h4 class=\"elementor-heading-title elementor-size-default\">Le Breil Furet est situ\u00e9 dans une r\u00e9gion rurale de la Bretagne o\u00f9 il n'y a pratiquement pas de pollution nocturne, ce qui est fantastique pour observer les \u00e9toiles.<\/h4>\t\t\t\t<\/div>\n\t\t\t\t<\/div>\n\t\t\t\t\t<\/div>\n\t\t<\/div>\n\t\t\t\t\t<\/div>\n\t\t<\/section>\n\t\t\t\t<section class=\"elementor-section elementor-top-section elementor-element elementor-element-92e8729 elementor-section-boxed elementor-section-height-default elementor-section-height-default\" data-id=\"92e8729\" data-element_type=\"section\" data-e-type=\"section\">\n\t\t\t\t\t\t<div class=\"elementor-container elementor-column-gap-default\">\n\t\t\t\t\t<div class=\"elementor-column elementor-col-33 elementor-top-column elementor-element elementor-element-3e34a37\" data-id=\"3e34a37\" data-element_type=\"column\" data-e-type=\"column\">\n\t\t\t<div class=\"elementor-widget-wrap elementor-element-populated\">\n\t\t\t\t\t\t<div class=\"elementor-element elementor-element-bf30c32 elementor-widget elementor-widget-text-editor\" data-id=\"bf30c32\" data-element_type=\"widget\" data-e-type=\"widget\" data-widget_type=\"text-editor.default\">\n\t\t\t\t<div class=\"elementor-widget-container\">\n\t\t\t\t\t\t\t\t\t<p><strong>Enfants<\/strong>: Tous les \u00e2ges sont les bienvenus. Si vous avez besoin d'une chaise haute ou d'un lit b\u00e9b\u00e9, nous pouvons vous les fournir sans frais suppl\u00e9mentaires.<\/p>\n<p><strong>Animaux domestiques<\/strong>: Des exceptions peuvent \u00eatre faites, contactez-nous au moment de la r\u00e9servation pour plus de d\u00e9tails.<\/p>\n<p>\u00a0<\/p>\t\t\t\t\t\t\t\t<\/div>\n\t\t\t\t<\/div>\n\t\t\t\t\t<\/div>\n\t\t<\/div>\n\t\t\t\t<div class=\"elementor-column elementor-col-33 elementor-top-column elementor-element elementor-element-da80282\" data-id=\"da80282\" data-element_type=\"column\" data-e-type=\"column\">\n\t\t\t<div class=\"elementor-widget-wrap elementor-element-populated\">\n\t\t\t\t\t\t<div class=\"elementor-element elementor-element-22b5f5d elementor-widget elementor-widget-text-editor\" data-id=\"22b5f5d\" data-element_type=\"widget\" data-e-type=\"widget\" data-widget_type=\"text-editor.default\">\n\t\t\t\t<div class=\"elementor-widget-container\">\n\t\t\t\t\t\t\t\t\t<p><strong>Taxe de s\u00e9jour<\/strong>: Toutes les taxes touristiques locales sont incluses dans votre prix.<\/p><p><strong>Fumeur<\/strong>: Strictement non fumeur.<\/p><p><strong>S\u00e9curit\u00e9<\/strong>: Notre s\u00e9curit\u00e9 est importante pour vous. Il y a 2 cam\u00e9ras situ\u00e9es \u00e0 l'avant de la propri\u00e9t\u00e9.<\/p>\t\t\t\t\t\t\t\t<\/div>\n\t\t\t\t<\/div>\n\t\t\t\t\t<\/div>\n\t\t<\/div>\n\t\t\t\t<div class=\"elementor-column elementor-col-33 elementor-top-column elementor-element elementor-element-f43fef2\" data-id=\"f43fef2\" data-element_type=\"column\" data-e-type=\"column\">\n\t\t\t<div class=\"elementor-widget-wrap elementor-element-populated\">\n\t\t\t\t\t\t<div class=\"elementor-element elementor-element-5772600 elementor-widget elementor-widget-text-editor\" data-id=\"5772600\" data-element_type=\"widget\" data-e-type=\"widget\" data-widget_type=\"text-editor.default\">\n\t\t\t\t<div class=\"elementor-widget-container\">\n\t\t\t\t\t\t\t\t\t<p><strong>Nettoyage<\/strong>: Euro 50.00<\/p><p><strong>Le bois pour le jacuzzi<\/strong> peut \u00eatre obtenu localement<\/p><p><strong>Le bois pour les br\u00fbleurs \u00e0 b\u00fbches<\/strong> peut \u00eatre obtenu localement<\/p>\t\t\t\t\t\t\t\t<\/div>\n\t\t\t\t<\/div>\n\t\t\t\t\t<\/div>\n\t\t<\/div>\n\t\t\t\t\t<\/div>\n\t\t<\/section>\n\t\t\t\t<section class=\"elementor-section elementor-top-section elementor-element elementor-element-939c23c elementor-section-boxed elementor-section-height-default elementor-section-height-default\" data-id=\"939c23c\" data-element_type=\"section\" data-e-type=\"section\">\n\t\t\t\t\t\t<div class=\"elementor-container elementor-column-gap-default\">\n\t\t\t\t\t<div class=\"elementor-column elementor-col-100 elementor-top-column elementor-element elementor-element-1c3bdb5\" data-id=\"1c3bdb5\" data-element_type=\"column\" data-e-type=\"column\">\n\t\t\t<div class=\"elementor-widget-wrap\">\n\t\t\t\t\t\t\t<\/div>\n\t\t<\/div>\n\t\t\t\t\t<\/div>\n\t\t<\/section>\n\t\t\t\t<section class=\"elementor-section elementor-top-section elementor-element elementor-element-b436c8b elementor-section-boxed elementor-section-height-default elementor-section-height-default\" data-id=\"b436c8b\" data-element_type=\"section\" data-e-type=\"section\">\n\t\t\t\t\t\t<div class=\"elementor-container elementor-column-gap-default\">\n\t\t\t\t\t<div class=\"elementor-column elementor-col-50 elementor-top-column elementor-element elementor-element-36a3c5c\" data-id=\"36a3c5c\" data-element_type=\"column\" data-e-type=\"column\">\n\t\t\t<div class=\"elementor-widget-wrap elementor-element-populated\">\n\t\t\t\t\t\t<div class=\"elementor-element elementor-element-c88ed09 elementor-widget elementor-widget-text-editor\" data-id=\"c88ed09\" data-element_type=\"widget\" data-e-type=\"widget\" data-widget_type=\"text-editor.default\">\n\t\t\t\t<div class=\"elementor-widget-container\">\n\t\t\t\t\t\t\t\t\t<p style=\"text-align: center;\"><iframe src=\"https:\/\/www.google.com\/maps\/embed?pb=!1m18!1m12!1m3!1d3035538.3449263754!2d-1.077920264300901!3d48.55289690687638!2m3!1f0!2f0!3f0!3m2!1i1024!2i768!4f13.1!3m3!1m2!1s0x480e376414e8d523%3A0xe445ddddd061c305!2sGite%20Le%20Breil%20Furet%20Meneac!5e0!3m2!1snl!2sfr!4v1614532872450!5m2!1snl!2sfr\" width=\"600\" height=\"450\" style=\"border:0;\" allowfullscreen=\"\" loading=\"lazy\"><\/iframe><\/p>\t\t\t\t\t\t\t\t<\/div>\n\t\t\t\t<\/div>\n\t\t\t\t\t<\/div>\n\t\t<\/div>\n\t\t\t\t<div class=\"elementor-column elementor-col-50 elementor-top-column elementor-element elementor-element-c302877\" data-id=\"c302877\" data-element_type=\"column\" data-e-type=\"column\">\n\t\t\t<div class=\"elementor-widget-wrap elementor-element-populated\">\n\t\t\t\t\t\t<div class=\"elementor-element elementor-element-7258293 elementor-widget elementor-widget-text-editor\" data-id=\"7258293\" data-element_type=\"widget\" data-e-type=\"widget\" data-widget_type=\"text-editor.default\">\n\t\t\t\t<div class=\"elementor-widget-container\">\n\t\t\t\t\t\t\t\t\t<p><strong>Nous contacter<\/strong><\/p><p>email:\u00a0lebreilfuret2@hotmail.com<\/p><p>2 Le Breil Furet<br \/>Meneac<br \/>Morbihan<br \/>France<br \/>56490<\/p><p>Portable\/WhatsApp FR: 0033 6 88 87 77 86<br \/>Mobile\/WhatsApp UK: 0044 78 53 14 30 70<\/p><p>Siret: 87867260900012<\/p>\t\t\t\t\t\t\t\t<\/div>\n\t\t\t\t<\/div>\n\t\t\t\t\t<\/div>\n\t\t<\/div>\n\t\t\t\t\t<\/div>\n\t\t<\/section>\n\t\t\t\t<\/div>","protected":false},"excerpt":{"rendered":"<p>Le G\u00eete<\/p>","protected":false},"author":1,"featured_media":47,"parent":0,"menu_order":0,"comment_status":"closed","ping_status":"closed","template":"page-templates\/template-rooms.php","meta":{"pgc_sgb_lightbox_settings":"","footnotes":""},"class_list":["post-32","page","type-page","status-publish","has-post-thumbnail","hentry"],"_links":{"self":[{"href":"https:\/\/lebreilfuret.fr\/fr\/wp-json\/wp\/v2\/pages\/32","targetHints":{"allow":["GET"]}}],"collection":[{"href":"https:\/\/lebreilfuret.fr\/fr\/wp-json\/wp\/v2\/pages"}],"about":[{"href":"https:\/\/lebreilfuret.fr\/fr\/wp-json\/wp\/v2\/types\/page"}],"author":[{"embeddable":true,"href":"https:\/\/lebreilfuret.fr\/fr\/wp-json\/wp\/v2\/users\/1"}],"replies":[{"embeddable":true,"href":"https:\/\/lebreilfuret.fr\/fr\/wp-json\/wp\/v2\/comments?post=32"}],"version-history":[{"count":103,"href":"https:\/\/lebreilfuret.fr\/fr\/wp-json\/wp\/v2\/pages\/32\/revisions"}],"predecessor-version":[{"id":620,"href":"https:\/\/lebreilfuret.fr\/fr\/wp-json\/wp\/v2\/pages\/32\/revisions\/620"}],"wp:featuredmedia":[{"embeddable":true,"href":"https:\/\/lebreilfuret.fr\/fr\/wp-json\/wp\/v2\/media\/47"}],"wp:attachment":[{"href":"https:\/\/lebreilfuret.fr\/fr\/wp-json\/wp\/v2\/media?parent=32"}],"curies":[{"name":"wp","href":"https:\/\/api.w.org\/{rel}","templated":true}]}}