{"id":3,"date":"2021-02-26T12:23:35","date_gmt":"2021-02-26T12:23:35","guid":{"rendered":"https:\/\/lebreilfuret.fr\/?page_id=3"},"modified":"2021-03-11T18:16:30","modified_gmt":"2021-03-11T17:16:30","slug":"privacy-policy","status":"publish","type":"page","link":"https:\/\/lebreilfuret.fr\/fr\/privacy-policy\/","title":{"rendered":"Politique de confidentialit\u00e9"},"content":{"rendered":"<p><strong>Politique de confidentialit\u00e9<\/strong><\/p>\n<p>Ce site web est exploit\u00e9 par Le Breil Furet. Cette politique de confidentialit\u00e9 d\u00e9finit la mani\u00e8re dont nous utilisons et prot\u00e9geons les informations que vous fournissez \u00e0 ce site.<\/p>\n<p>Le Breil Furet s'engage \u00e0 assurer la protection de votre vie priv\u00e9e. Si nous vous demandons de fournir certaines informations par lesquelles vous pouvez \u00eatre identifi\u00e9 lors de l'utilisation de ce site web, vous pouvez \u00eatre assur\u00e9 qu'elles ne seront utilis\u00e9es que conform\u00e9ment \u00e0 la pr\u00e9sente d\u00e9claration de confidentialit\u00e9.<\/p>\n<p>Nous pouvons modifier cette politique de temps \u00e0 autre en mettant \u00e0 jour cette page. Nous vous conseillons de consulter cette page de temps en temps pour vous assurer que vous \u00eates satisfait de tout changement. Cette politique entre en vigueur le 26\/03\/2021.<\/p>\n<p><strong>Mises \u00e0 jour de la politique de confidentialit\u00e9<\/strong><\/p>\n<p>Nous nous r\u00e9servons le droit de modifier cette politique de confidentialit\u00e9 \u00e0 tout moment, nous vous invitons donc \u00e0 la consulter fr\u00e9quemment. Les modifications et les clarifications prendront effet imm\u00e9diatement apr\u00e8s leur publication sur le site Web. Si nous apportons des modifications importantes \u00e0 cette politique, nous vous informerons ici de sa mise \u00e0 jour, afin que vous sachiez quelles informations nous recueillons, comment nous les utilisons et dans quelles circonstances, le cas \u00e9ch\u00e9ant, nous les utilisons et\/ou les divulguons.<\/p>\n<p>En utilisant notre site Web, vous signifiez votre acceptation des conditions de notre politique de confidentialit\u00e9. Si vous n'acceptez pas les conditions de notre politique de confidentialit\u00e9, veuillez ne pas utiliser notre site web. Si vous continuez \u00e0 utiliser notre site web apr\u00e8s la publication de toute modification de notre politique de confidentialit\u00e9, cela signifie que vous acceptez ces modifications.<\/p>\n<p><strong>S\u00e9curit\u00e9<\/strong><\/p>\n<p>Nous nous engageons \u00e0 assurer la s\u00e9curit\u00e9 de vos informations. Afin d'emp\u00eacher tout acc\u00e8s ou toute divulgation non autoris\u00e9s, nous avons mis en place des proc\u00e9dures physiques, \u00e9lectroniques et de gestion appropri\u00e9es pour sauvegarder et s\u00e9curiser les informations que nous recueillons en ligne.<\/p>\n<p><strong>Liens vers d'autres sites web<\/strong><\/p>\n<p>Notre site web peut contenir des liens vers d'autres sites web int\u00e9ressants. Toutefois, une fois que vous avez utilis\u00e9 ces liens pour quitter notre site, vous devez savoir que nous n'avons aucun contr\u00f4le sur cet autre site web. Par cons\u00e9quent, nous ne pouvons \u00eatre responsables de la protection et de la confidentialit\u00e9 des informations que vous fournissez lorsque vous visitez ces sites et ces sites ne sont pas r\u00e9gis par la pr\u00e9sente d\u00e9claration de confidentialit\u00e9. Vous devez faire preuve de prudence et consulter la d\u00e9claration de confidentialit\u00e9 applicable au site web en question.<\/p>\n<p><strong>Vos donn\u00e9es<\/strong><\/p>\n<p>Lorsque vous effectuez un achat sur ce site web (ou par t\u00e9l\u00e9phone ou e-mail), nous recueillons et stockons les informations n\u00e9cessaires pour traiter votre paiement, pour planifier et fournir le service, et pour r\u00e9pondre \u00e0 nos obligations l\u00e9gales envers les organismes de r\u00e9glementation charg\u00e9s de superviser nos op\u00e9rations. Nous transmettons des informations \u00e0 la soci\u00e9t\u00e9 \u00e9mettrice de la carte de cr\u00e9dit\/d\u00e9bit aux fins du traitement du paiement, mais nous ne conservons aucun des d\u00e9tails de votre carte.<\/p>\n<p>Nous n'ajoutons pas vos coordonn\u00e9es \u00e0 des op\u00e9rations de marketing et nous ne partageons jamais de donn\u00e9es personnelles avec des tiers, hormis les exceptions mentionn\u00e9es ci-dessus.<br \/>\nNous prenons soin de stocker toutes les donn\u00e9es des clients en toute s\u00e9curit\u00e9, sur des terminaux et serveurs prot\u00e9g\u00e9s par mot de passe, et avec un cryptage le cas \u00e9ch\u00e9ant. Nous vous informerons si nous subissons un vol de donn\u00e9es ou une violation de la s\u00e9curit\u00e9 des donn\u00e9es. Vous avez le droit de demander une copie des donn\u00e9es que nous d\u00e9tenons sur vous. Vous avez le droit de demander l'effacement des donn\u00e9es que nous d\u00e9tenons sur vous.<\/p>\n<p><strong>Objectifs du traitement<\/strong><\/p>\n<p>Nous utilisons vos donn\u00e9es personnelles aux fins suivantes :<\/p>\n<p>- R\u00e9servations : Nous utilisons vos donn\u00e9es personnelles pour compl\u00e9ter et g\u00e9rer votre r\u00e9servation en ligne.<\/p>\n<p>- Service \u00e0 la client\u00e8le : Nous utilisons vos donn\u00e9es personnelles pour fournir un service \u00e0 la client\u00e8le.<\/p>\n<p>- Avis des clients : Nous pouvons utiliser vos donn\u00e9es de contact pour vous inviter par e-mail \u00e0 r\u00e9diger un avis apr\u00e8s votre s\u00e9jour. Cela peut aider d'autres voyageurs \u00e0 choisir l'h\u00e9bergement qui leur convient le mieux. Si vous soumettez un avis d'invit\u00e9, votre avis peut \u00eatre publi\u00e9 sur notre site web ou sur des plateformes de m\u00e9dias sociaux.<\/p>\n<p>- Autres communications : Il peut y avoir d'autres moments o\u00f9 nous vous contactons par e-mail, courrier, t\u00e9l\u00e9phone ou SMS, en fonction des donn\u00e9es de contact que vous partagez avec nous. Il peut y avoir plusieurs raisons \u00e0 cela :<\/p>\n<p>- Nous pouvons avoir besoin de r\u00e9pondre et de traiter les demandes que vous avez faites, c'est-\u00e0-dire<\/p>\n<p>- Si vous n'avez pas finalis\u00e9 une r\u00e9servation en ligne, nous pouvons vous envoyer un courriel de rappel pour vous inviter \u00e0 poursuivre votre r\u00e9servation. Nous pensons que ce service suppl\u00e9mentaire vous est utile car il vous permet de poursuivre une r\u00e9servation sans avoir \u00e0 rechercher \u00e0 nouveau l'h\u00e9bergement ou \u00e0 remplir tous les d\u00e9tails de la r\u00e9servation depuis le d\u00e9but.<\/p>\n<p>- Lorsque vous utilisez nos services, nous pouvons vous envoyer un questionnaire ou vous inviter \u00e0 donner votre avis sur votre exp\u00e9rience de notre site web. Nous pensons que ce service suppl\u00e9mentaire est utile pour vous et pour nous, car nous serons en mesure d'am\u00e9liorer notre site web en fonction de vos commentaires.<\/p>\n<p>- S\u00e9curit\u00e9, d\u00e9tection et pr\u00e9vention des fraudes : Nous utilisons les informations, qui peuvent inclure des donn\u00e9es personnelles, afin de pr\u00e9venir la fraude et d'autres activit\u00e9s ill\u00e9gales ou illicites. Nous utilisons \u00e9galement ces informations pour enqu\u00eater et d\u00e9tecter les fraudes. Nous pouvons utiliser les donn\u00e9es personnelles \u00e0 des fins d'\u00e9valuation des risques et de s\u00e9curit\u00e9, y compris l'authentification des utilisateurs. \u00c0 ces fins, les donn\u00e9es personnelles peuvent \u00eatre partag\u00e9es avec des tiers, tels que les autorit\u00e9s charg\u00e9es de l'application de la loi, comme le permet la loi applicable, et des conseillers externes.<\/p>\n<p>- Aspects juridiques et conformit\u00e9 : Dans certains cas, nous devons utiliser les informations fournies, qui peuvent inclure des donn\u00e9es \u00e0 caract\u00e8re personnel, pour traiter et r\u00e9soudre des litiges ou des plaintes, pour des enqu\u00eates et des conformit\u00e9s r\u00e9glementaires, ou pour faire appliquer un ou des accords, ou pour nous conformer aux demandes l\u00e9gitimes des autorit\u00e9s charg\u00e9es de l'application de la loi dans la mesure o\u00f9 cela est requis par la loi.<\/p>\n<p>Si nous utilisons des moyens automatis\u00e9s pour traiter des donn\u00e9es personnelles qui produisent des effets juridiques ou vous affectent de mani\u00e8re significative, nous mettrons en \u0153uvre des mesures appropri\u00e9es pour sauvegarder vos droits et libert\u00e9s, y compris le droit d'obtenir une intervention humaine.<\/p>\n<p><strong>Votre consentement<\/strong><br \/>\nNous ne vous contacterons pas \u00e0 des fins de marketing par courrier \u00e9lectronique, t\u00e9l\u00e9phone ou message texte, sauf si vous avez donn\u00e9 votre consentement pr\u00e9alable. Vous pouvez modifier vos pr\u00e9f\u00e9rences en mati\u00e8re de marketing \u00e0 tout moment en nous contactant par courrier \u00e9lectronique : lebreilfuret@hotmail.com ou par t\u00e9l\u00e9phone au +33 6 88 87 77 86.<\/p>\n<p><strong>Utilisateurs de moins de 18 ans<\/strong><\/p>\n<p>Tout utilisateur de moins de 18 ans doit avoir le consentement de ses parents\/tuteurs pour utiliser notre site web. Les utilisateurs sans ce consentement ne sont pas autoris\u00e9s \u00e0 nous fournir des informations personnelles.<\/p>\n<p><strong>Questions et mises \u00e0 jour de vos informations<\/strong><\/p>\n<p>L'exactitude de vos informations est importante. Si vous changez d'adresse \u00e9lectronique, ou si vous pensez que l'une des autres informations que nous d\u00e9tenons est inexacte ou obsol\u00e8te, veuillez nous envoyer un courriel \u00e0 l'adresse suivante : lebreilfuret@hotmail.com ou nous \u00e9crire \u00e0 l'adresse suivante : 2 Le Breil Furet Meneac Morbihan France 56490<\/p>\n<p>Vous pouvez \u00e9galement nous t\u00e9l\u00e9phoner au +33 6 88 87 77 86. Nous corrigerons rapidement toute information jug\u00e9e incorrecte.<\/p>\n<p>Si vous ne souhaitez plus que nous conservions vos donn\u00e9es, vous pouvez \u00e9galement nous contacter par e-mail : lebreilfuret@hotmail.com ou nous \u00e9crire \u00e0 l'adresse suivante : 2 Le Breil Furet Meneac Morbihan France 56490<\/p>\n<p>Vous avez le droit de demander une copie des informations que nous d\u00e9tenons \u00e0 votre sujet, et celle-ci vous sera envoy\u00e9e gratuitement sous format \u00e9lectronique.<\/p>","protected":false},"excerpt":{"rendered":"<p>Privacy Policy This website is operated by Le Breil Furet. This privacy policy sets out how any information that you give this website is used and protected by us. Le Breil Furet is committed to ensuring that your privacy is&#8230;<\/p>","protected":false},"author":1,"featured_media":0,"parent":0,"menu_order":0,"comment_status":"closed","ping_status":"open","template":"","meta":{"pgc_sgb_lightbox_settings":"","footnotes":""},"class_list":["post-3","page","type-page","status-publish","hentry"],"_links":{"self":[{"href":"https:\/\/lebreilfuret.fr\/fr\/wp-json\/wp\/v2\/pages\/3","targetHints":{"allow":["GET"]}}],"collection":[{"href":"https:\/\/lebreilfuret.fr\/fr\/wp-json\/wp\/v2\/pages"}],"about":[{"href":"https:\/\/lebreilfuret.fr\/fr\/wp-json\/wp\/v2\/types\/page"}],"author":[{"embeddable":true,"href":"https:\/\/lebreilfuret.fr\/fr\/wp-json\/wp\/v2\/users\/1"}],"replies":[{"embeddable":true,"href":"https:\/\/lebreilfuret.fr\/fr\/wp-json\/wp\/v2\/comments?post=3"}],"version-history":[{"count":1,"href":"https:\/\/lebreilfuret.fr\/fr\/wp-json\/wp\/v2\/pages\/3\/revisions"}],"predecessor-version":[{"id":199,"href":"https:\/\/lebreilfuret.fr\/fr\/wp-json\/wp\/v2\/pages\/3\/revisions\/199"}],"wp:attachment":[{"href":"https:\/\/lebreilfuret.fr\/fr\/wp-json\/wp\/v2\/media?parent=3"}],"curies":[{"name":"wp","href":"https:\/\/api.w.org\/{rel}","templated":true}]}}