{"id":200,"date":"2021-03-11T18:18:29","date_gmt":"2021-03-11T17:18:29","guid":{"rendered":"https:\/\/lebreilfuret.fr\/?page_id=200"},"modified":"2021-03-11T18:18:30","modified_gmt":"2021-03-11T17:18:30","slug":"terms-and-conditions","status":"publish","type":"page","link":"https:\/\/lebreilfuret.fr\/fr\/terms-and-conditions\/","title":{"rendered":"Modalit\u00e9s et conditions"},"content":{"rendered":"<p><strong>R\u00e9servation et paiement<\/strong><br \/>\nPour confirmer une r\u00e9servation, nous demandons un acompte de 20%.<\/p>\n<p>Le paiement d'un acompte implique l'acceptation de nos termes et conditions.<\/p>\n<p>D\u00e8s r\u00e9ception de votre acompte, nous vous enverrons une confirmation par e-mail.<\/p>\n<p>Le solde est d\u00fb 8 semaines avant la date d'arriv\u00e9e.<\/p>\n<p>Les r\u00e9servations effectu\u00e9es moins de huit semaines avant l'arriv\u00e9e doivent \u00eatre pay\u00e9es en totalit\u00e9 au moment de la r\u00e9servation.<\/p>\n<p>Nous nous r\u00e9servons le droit d'annuler la r\u00e9servation si le paiement n'est pas re\u00e7u dans les d\u00e9lais convenus.<\/p>\n<p>Le nombre de personnes dans la r\u00e9servation ne doit pas d\u00e9passer la capacit\u00e9 annonc\u00e9e du g\u00eete sans autorisation sp\u00e9ciale. Toutes les propri\u00e9t\u00e9s doivent avoir un adulte responsable pendant le s\u00e9jour dans la propri\u00e9t\u00e9.<\/p>\n<p><strong>Annulations<\/strong><br \/>\nLes annulations doivent \u00eatre faites par \u00e9crit.<\/p>\n<p>Les annulations effectu\u00e9es plus de huit semaines avant la date d'arriv\u00e9e pr\u00e9vue ne donnent lieu qu'au versement d'un acompte.<\/p>\n<p>Les annulations effectu\u00e9es moins de huit semaines avant la date d'arriv\u00e9e pr\u00e9vue entra\u00eeneront la perte de la totalit\u00e9 du montant, sauf si nous sommes en mesure de relouer le logement. Veuillez noter qu'afin de relouer la propri\u00e9t\u00e9, il se peut que nous devions r\u00e9duire le prix et que ce prix r\u00e9duit soit le montant rembours\u00e9.<\/p>\n<p>Si une alternative n'est pas disponible, nous rembourserons le montant de la location pay\u00e9 \u00e0 la date de l'annulation.<\/p>\n<p>Nous ne pouvons pas \u00eatre tenus responsables de toute autre d\u00e9pense ou inconv\u00e9nient encouru, y compris, mais sans s'y limiter, les vols, les frais de ferry ou les frais de location de voiture r\u00e9sultant de l'annulation.<\/p>\n<p>Nous recommandons vivement aux clients de souscrire une assurance voyage compl\u00e8te avant leur d\u00e9part (y compris une couverture d'annulation).<\/p>\n<p><strong>Restrictions sp\u00e9cifiques au Covid<\/strong><br \/>\n\u00c0 la lumi\u00e8re de la r\u00e9cente pand\u00e9mie mondiale, nous avons mis en place des termes et conditions sp\u00e9cifiques, au cas o\u00f9 vous ne seriez pas en mesure de voyager chez nous en raison du Covid-19 \u00e0 vos dates r\u00e9serv\u00e9es. Pour cela, vous acceptez de vous assurer que chaque membre de votre groupe est couvert par une assurance voyage compl\u00e8te avant de r\u00e9server avec nous.<\/p>\n<p>Si vous avez pay\u00e9 une partie ou la totalit\u00e9 de votre solde et que vous ne pouvez pas voyager en raison de restrictions gouvernementales sur les voyages entre la France et votre pays de r\u00e9sidence, nous vous accorderons un cr\u00e9dit correspondant au montant que vous avez pay\u00e9. Ce cr\u00e9dit est remboursable dans les 12 mois suivant la date de votre s\u00e9jour initial. Si vos dates sont d\u00e9plac\u00e9es de la basse \u00e0 la haute saison, le paiement de la diff\u00e9rence sera exig\u00e9 pour garantir vos dates. Nous ne sommes pas en mesure de rembourser la diff\u00e9rence si votre s\u00e9jour passe de la haute \u00e0 la basse saison.<\/p>\n<p>Si vous d\u00e9cidez de ne pas voyager, pour toute autre raison qu'un ordre gouvernemental en vigueur en France ou dans votre pays de r\u00e9sidence, notre politique d'annulation standard est applicable.<\/p>\n<p><strong>Arriv\u00e9e<\/strong><br \/>\nLes clients sont invit\u00e9s \u00e0 arriver \u00e0 partir de 16h00.<\/p>\n<p><strong>D\u00e9part<\/strong><br \/>\nLes clients sont pri\u00e9s de lib\u00e9rer leur g\u00eete avant 10h00 le jour de leur d\u00e9part.<\/p>","protected":false},"excerpt":{"rendered":"<p>Booking and Payment To make a confirmed booking we require a Deposit of 20%. The payment of a Deposit implies acceptance of our terms and conditions. On receipt of your Deposit we will send a Confirmation by email. The balance&#8230;<\/p>","protected":false},"author":1,"featured_media":0,"parent":0,"menu_order":0,"comment_status":"closed","ping_status":"closed","template":"","meta":{"pgc_sgb_lightbox_settings":"","footnotes":""},"class_list":["post-200","page","type-page","status-publish","hentry"],"_links":{"self":[{"href":"https:\/\/lebreilfuret.fr\/fr\/wp-json\/wp\/v2\/pages\/200","targetHints":{"allow":["GET"]}}],"collection":[{"href":"https:\/\/lebreilfuret.fr\/fr\/wp-json\/wp\/v2\/pages"}],"about":[{"href":"https:\/\/lebreilfuret.fr\/fr\/wp-json\/wp\/v2\/types\/page"}],"author":[{"embeddable":true,"href":"https:\/\/lebreilfuret.fr\/fr\/wp-json\/wp\/v2\/users\/1"}],"replies":[{"embeddable":true,"href":"https:\/\/lebreilfuret.fr\/fr\/wp-json\/wp\/v2\/comments?post=200"}],"version-history":[{"count":1,"href":"https:\/\/lebreilfuret.fr\/fr\/wp-json\/wp\/v2\/pages\/200\/revisions"}],"predecessor-version":[{"id":201,"href":"https:\/\/lebreilfuret.fr\/fr\/wp-json\/wp\/v2\/pages\/200\/revisions\/201"}],"wp:attachment":[{"href":"https:\/\/lebreilfuret.fr\/fr\/wp-json\/wp\/v2\/media?parent=200"}],"curies":[{"name":"wp","href":"https:\/\/api.w.org\/{rel}","templated":true}]}}